{"id":39,"date":"2025-04-16T10:01:21","date_gmt":"2025-04-16T08:01:21","guid":{"rendered":"https:\/\/prestiz.uwb.pl\/index.php\/contact-us\/"},"modified":"2025-05-22T16:09:42","modified_gmt":"2025-05-22T14:09:42","slug":"kontakt","status":"publish","type":"page","link":"https:\/\/prestiz.uwb.pl\/index.php\/kontakt\/","title":{"rendered":"Kontakt"},"content":{"rendered":"\t\t<div data-elementor-type=\"wp-page\" data-elementor-id=\"39\" class=\"elementor elementor-39\" data-elementor-post-type=\"page\">\n\t\t\t\t<div class=\"elementor-element elementor-element-50cd27e8 e-flex e-con-boxed e-con e-parent\" data-id=\"50cd27e8\" data-element_type=\"container\" data-settings=\"{&quot;background_background&quot;:&quot;classic&quot;}\">\n\t\t\t\t\t<div class=\"e-con-inner\">\n\t\t<div class=\"elementor-element elementor-element-afe5d33 e-con-full e-flex e-con e-child\" data-id=\"afe5d33\" data-element_type=\"container\">\n\t\t\t\t<div class=\"elementor-element elementor-element-cb16d7b elementor-widget elementor-widget-heading\" data-id=\"cb16d7b\" data-element_type=\"widget\" data-widget_type=\"heading.default\">\n\t\t\t\t<div class=\"elementor-widget-container\">\n\t\t\t\t\t<h1 class=\"elementor-heading-title elementor-size-default\">Kontakt<\/h1>\t\t\t\t<\/div>\n\t\t\t\t<\/div>\n\t\t\t\t<\/div>\n\t\t<div class=\"elementor-element elementor-element-7eb91ff1 e-con-full e-flex e-con e-child\" data-id=\"7eb91ff1\" data-element_type=\"container\">\n\t\t\t\t<div class=\"elementor-element elementor-element-77cdb014 elementor-widget elementor-widget-text-editor\" data-id=\"77cdb014\" data-element_type=\"widget\" data-widget_type=\"text-editor.default\">\n\t\t\t\t<div class=\"elementor-widget-container\">\n\t\t\t\t\t\t\t\t\t<p class=\"p1\">Wybierz najwygodniejsz\u0105 dla Ciebie form\u0119 kontaktu \u2013 telefon, e-mail lub formularz online. Z przyjemno\u015bci\u0105 porozmawiamy o Twoich potrzebach zwi\u0105zanych z nieruchomo\u015bciami i doradzimy optymalne rozwi\u0105zania dopasowane specjalnie do Ciebie.<\/p><p>Jeste\u015bmy do Twojej dyspozycji \u2013 niezale\u017cnie od tego, czy interesuje Ci\u0119 zarz\u0105dzanie najmem, sprzeda\u017c, zakup nieruchomo\u015bci, czy planujesz inwestycj\u0119 za granic\u0105. Odpowiemy na wszystkie pytania szybko, jasno i profesjonalnie.<\/p>\t\t\t\t\t\t\t\t<\/div>\n\t\t\t\t<\/div>\n\t\t\t\t<\/div>\n\t\t\t\t\t<\/div>\n\t\t\t\t<\/div>\n\t\t<div class=\"elementor-element elementor-element-24da167 e-flex e-con-boxed e-con e-parent\" data-id=\"24da167\" data-element_type=\"container\" data-settings=\"{&quot;background_background&quot;:&quot;classic&quot;}\">\n\t\t\t\t\t<div class=\"e-con-inner\">\n\t\t<div class=\"elementor-element elementor-element-1a2ddb4 e-con-full e-flex e-con e-child\" data-id=\"1a2ddb4\" data-element_type=\"container\">\n\t\t<div class=\"elementor-element elementor-element-f197181 e-flex e-con-boxed e-con e-child\" data-id=\"f197181\" data-element_type=\"container\" data-settings=\"{&quot;background_background&quot;:&quot;classic&quot;}\">\n\t\t\t\t\t<div class=\"e-con-inner\">\n\t\t\t\t<div class=\"elementor-element elementor-element-46133f4 elementor-widget elementor-widget-heading\" data-id=\"46133f4\" data-element_type=\"widget\" data-widget_type=\"heading.default\">\n\t\t\t\t<div class=\"elementor-widget-container\">\n\t\t\t\t\t<h2 class=\"elementor-heading-title elementor-size-default\">Masz pytania lub chcesz om\u00f3wi\u0107 szczeg\u00f3\u0142y wsp\u00f3\u0142pracy? Zapraszamy do kontaktu!<\/h2>\t\t\t\t<\/div>\n\t\t\t\t<\/div>\n\t\t\t\t\t<\/div>\n\t\t\t\t<\/div>\n\t\t\t\t<\/div>\n\t\t\t\t\t<\/div>\n\t\t\t\t<\/div>\n\t\t<div class=\"elementor-element elementor-element-591bd34b e-flex e-con-boxed e-con e-parent\" data-id=\"591bd34b\" data-element_type=\"container\">\n\t\t\t\t\t<div class=\"e-con-inner\">\n\t\t<div class=\"elementor-element elementor-element-27b6b63f e-con-full e-flex e-con e-child\" data-id=\"27b6b63f\" data-element_type=\"container\">\n\t\t<div class=\"elementor-element elementor-element-4b784174 e-con-full e-flex e-con e-child\" data-id=\"4b784174\" data-element_type=\"container\">\n\t\t<div class=\"elementor-element elementor-element-63cecc10 e-con-full e-flex e-con e-child\" data-id=\"63cecc10\" data-element_type=\"container\">\n\t\t\t\t<div class=\"elementor-element elementor-element-23eb6659 elementor-widget elementor-widget-heading\" data-id=\"23eb6659\" data-element_type=\"widget\" data-widget_type=\"heading.default\">\n\t\t\t\t<div class=\"elementor-widget-container\">\n\t\t\t\t\t<h3 class=\"elementor-heading-title elementor-size-default\">Telefon<\/h3>\t\t\t\t<\/div>\n\t\t\t\t<\/div>\n\t\t\t\t<div class=\"elementor-element elementor-element-55d3ba35 elementor-widget elementor-widget-text-editor\" data-id=\"55d3ba35\" data-element_type=\"widget\" data-widget_type=\"text-editor.default\">\n\t\t\t\t<div class=\"elementor-widget-container\">\n\t\t\t\t\t\t\t\t\t<p class=\"p1\">+48 732 739 953<\/p>\t\t\t\t\t\t\t\t<\/div>\n\t\t\t\t<\/div>\n\t\t\t\t<\/div>\n\t\t<div class=\"elementor-element elementor-element-3cc40713 e-con-full e-flex e-con e-child\" data-id=\"3cc40713\" data-element_type=\"container\">\n\t\t\t\t<div class=\"elementor-element elementor-element-4459efd elementor-widget elementor-widget-heading\" data-id=\"4459efd\" data-element_type=\"widget\" data-widget_type=\"heading.default\">\n\t\t\t\t<div class=\"elementor-widget-container\">\n\t\t\t\t\t<h3 class=\"elementor-heading-title elementor-size-default\">E-mail<\/h3>\t\t\t\t<\/div>\n\t\t\t\t<\/div>\n\t\t\t\t<div class=\"elementor-element elementor-element-5936e9b elementor-widget elementor-widget-text-editor\" data-id=\"5936e9b\" data-element_type=\"widget\" data-widget_type=\"text-editor.default\">\n\t\t\t\t<div class=\"elementor-widget-container\">\n\t\t\t\t\t\t\t\t\t<p class=\"p1\">kontakt@prestiznieruchomosci.pl<\/p>\t\t\t\t\t\t\t\t<\/div>\n\t\t\t\t<\/div>\n\t\t\t\t<\/div>\n\t\t<div class=\"elementor-element elementor-element-72f2f80a e-con-full e-flex e-con e-child\" data-id=\"72f2f80a\" data-element_type=\"container\">\n\t\t\t\t<div class=\"elementor-element elementor-element-78b816dd elementor-widget elementor-widget-heading\" data-id=\"78b816dd\" data-element_type=\"widget\" data-widget_type=\"heading.default\">\n\t\t\t\t<div class=\"elementor-widget-container\">\n\t\t\t\t\t<h3 class=\"elementor-heading-title elementor-size-default\">Adres biura<\/h3>\t\t\t\t<\/div>\n\t\t\t\t<\/div>\n\t\t\t\t<div class=\"elementor-element elementor-element-2b130148 elementor-widget elementor-widget-text-editor\" data-id=\"2b130148\" data-element_type=\"widget\" data-widget_type=\"text-editor.default\">\n\t\t\t\t<div class=\"elementor-widget-container\">\n\t\t\t\t\t\t\t\t\t<p class=\"p1\">42-200 Cz\u0119stochowa, ul. Wilsona 30 lok. A2<\/p>\t\t\t\t\t\t\t\t<\/div>\n\t\t\t\t<\/div>\n\t\t\t\t<\/div>\n\t\t\t\t<\/div>\n\t\t\t\t<\/div>\n\t\t\t\t\t<\/div>\n\t\t\t\t<\/div>\n\t\t<div class=\"elementor-element elementor-element-69ab023d e-flex e-con-boxed e-con e-parent\" data-id=\"69ab023d\" data-element_type=\"container\">\n\t\t\t\t\t<div class=\"e-con-inner\">\n\t\t<div class=\"elementor-element elementor-element-d9b32d2 e-flex e-con-boxed e-con e-child\" data-id=\"d9b32d2\" data-element_type=\"container\">\n\t\t\t\t\t<div class=\"e-con-inner\">\n\t\t<div class=\"elementor-element elementor-element-46740af e-con-full e-flex e-con e-child\" data-id=\"46740af\" data-element_type=\"container\">\n\t\t\t\t<div class=\"elementor-element elementor-element-a30b2e3 elementor-widget elementor-widget-heading\" data-id=\"a30b2e3\" data-element_type=\"widget\" data-widget_type=\"heading.default\">\n\t\t\t\t<div class=\"elementor-widget-container\">\n\t\t\t\t\t<h3 class=\"elementor-heading-title elementor-size-default\">Napisz do nas<\/h3>\t\t\t\t<\/div>\n\t\t\t\t<\/div>\n\t\t\t\t<div class=\"elementor-element elementor-element-35d6c642 elementor-button-align-end elementor-mobile-button-align-stretch elementor-widget elementor-widget-form\" data-id=\"35d6c642\" data-element_type=\"widget\" data-settings=\"{&quot;button_width_mobile&quot;:&quot;100&quot;,&quot;step_next_label&quot;:&quot;Next&quot;,&quot;step_previous_label&quot;:&quot;Previous&quot;,&quot;step_type&quot;:&quot;number_text&quot;,&quot;step_icon_shape&quot;:&quot;circle&quot;}\" data-widget_type=\"form.default\">\n\t\t\t\t<div class=\"elementor-widget-container\">\n\t\t\t\t\t\t\t<form class=\"elementor-form\" method=\"post\" name=\"New Form\">\n\t\t\t<input type=\"hidden\" name=\"post_id\" value=\"39\"\/>\n\t\t\t<input type=\"hidden\" name=\"form_id\" value=\"35d6c642\"\/>\n\t\t\t<input type=\"hidden\" name=\"referer_title\" value=\"\" \/>\n\n\t\t\t\n\t\t\t<div class=\"elementor-form-fields-wrapper elementor-labels-\">\n\t\t\t\t\t\t\t\t<div class=\"elementor-field-type-text elementor-field-group elementor-column elementor-field-group-email elementor-col-50 elementor-field-required\">\n\t\t\t\t\t\t\t\t\t\t\t\t<label for=\"form-field-email\" class=\"elementor-field-label elementor-screen-only\">\n\t\t\t\t\t\t\t\tImi\u0119\t\t\t\t\t\t\t<\/label>\n\t\t\t\t\t\t\t\t\t\t\t\t\t\t<input size=\"1\" type=\"text\" name=\"form_fields[email]\" id=\"form-field-email\" class=\"elementor-field elementor-size-sm  elementor-field-textual\" placeholder=\"Imi\u0119\" required=\"required\" aria-required=\"true\">\n\t\t\t\t\t\t\t\t\t\t\t<\/div>\n\t\t\t\t\t\t\t\t<div class=\"elementor-field-type-text elementor-field-group elementor-column elementor-field-group-field_a074beb elementor-col-50 elementor-field-required\">\n\t\t\t\t\t\t\t\t\t\t\t\t<label for=\"form-field-field_a074beb\" class=\"elementor-field-label elementor-screen-only\">\n\t\t\t\t\t\t\t\tNazwisko\t\t\t\t\t\t\t<\/label>\n\t\t\t\t\t\t\t\t\t\t\t\t\t\t<input size=\"1\" type=\"text\" name=\"form_fields[field_a074beb]\" id=\"form-field-field_a074beb\" class=\"elementor-field elementor-size-sm  elementor-field-textual\" placeholder=\"Nazwisko\" required=\"required\" aria-required=\"true\">\n\t\t\t\t\t\t\t\t\t\t\t<\/div>\n\t\t\t\t\t\t\t\t<div class=\"elementor-field-type-tel elementor-field-group elementor-column elementor-field-group-field_6f7b0a2 elementor-col-50 elementor-field-required\">\n\t\t\t\t\t\t\t\t\t\t\t\t<label for=\"form-field-field_6f7b0a2\" class=\"elementor-field-label elementor-screen-only\">\n\t\t\t\t\t\t\t\tNumer telefonu\t\t\t\t\t\t\t<\/label>\n\t\t\t\t\t\t\t\t<input size=\"1\" type=\"tel\" name=\"form_fields[field_6f7b0a2]\" id=\"form-field-field_6f7b0a2\" class=\"elementor-field elementor-size-sm  elementor-field-textual\" placeholder=\"Numer telefonu\" required=\"required\" aria-required=\"true\" pattern=\"[0-9()#&amp;+*-=.]+\" title=\"Akceptowane s\u0105 jedynie cyfry i znaki telefoniczne (#,-,*).\">\n\n\t\t\t\t\t\t<\/div>\n\t\t\t\t\t\t\t\t<div class=\"elementor-field-type-email elementor-field-group elementor-column elementor-field-group-field_ded525d elementor-col-50 elementor-field-required\">\n\t\t\t\t\t\t\t\t\t\t\t\t<label for=\"form-field-field_ded525d\" class=\"elementor-field-label elementor-screen-only\">\n\t\t\t\t\t\t\t\tE-mail\t\t\t\t\t\t\t<\/label>\n\t\t\t\t\t\t\t\t\t\t\t\t\t\t<input size=\"1\" type=\"email\" name=\"form_fields[field_ded525d]\" id=\"form-field-field_ded525d\" class=\"elementor-field elementor-size-sm  elementor-field-textual\" placeholder=\"E-mail\" required=\"required\" aria-required=\"true\">\n\t\t\t\t\t\t\t\t\t\t\t<\/div>\n\t\t\t\t\t\t\t\t<div class=\"elementor-field-type-textarea elementor-field-group elementor-column elementor-field-group-field_e389c4e elementor-col-100 elementor-field-required\">\n\t\t\t\t\t\t\t\t\t\t\t\t<label for=\"form-field-field_e389c4e\" class=\"elementor-field-label elementor-screen-only\">\n\t\t\t\t\t\t\t\tTre\u015b\u0107 wiadomo\u015bci\t\t\t\t\t\t\t<\/label>\n\t\t\t\t\t\t<textarea class=\"elementor-field-textual elementor-field  elementor-size-sm\" name=\"form_fields[field_e389c4e]\" id=\"form-field-field_e389c4e\" rows=\"5\" placeholder=\"Tre\u015b\u0107 wiadomo\u015bci\" required=\"required\" aria-required=\"true\"><\/textarea>\t\t\t\t<\/div>\n\t\t\t\t\t\t\t\t<div class=\"elementor-field-group elementor-column elementor-field-type-submit elementor-col-100 e-form__buttons elementor-sm-100\">\n\t\t\t\t\t<button type=\"submit\" class=\"elementor-button elementor-size-sm elementor-animation-shrink\">\n\t\t\t\t\t\t<span >\n\t\t\t\t\t\t\t\t\t\t\t\t\t\t\t<span class=\" elementor-button-icon\">\n\t\t\t\t\t\t\t\t\t\t\t\t\t\t\t\t\t\t\t\t\t\t\t\t\t\t<\/span>\n\t\t\t\t\t\t\t\t\t\t\t\t\t\t\t\t\t\t\t\t\t\t<span class=\"elementor-button-text\">Wy\u015blij<\/span>\n\t\t\t\t\t\t\t\t\t\t\t\t\t<\/span>\n\t\t\t\t\t<\/button>\n\t\t\t\t<\/div>\n\t\t\t<\/div>\n\t\t<\/form>\n\t\t\t\t\t\t<\/div>\n\t\t\t\t<\/div>\n\t\t\t\t<div class=\"elementor-element elementor-element-a92356f elementor-widget elementor-widget-text-editor\" data-id=\"a92356f\" data-element_type=\"widget\" data-widget_type=\"text-editor.default\">\n\t\t\t\t<div class=\"elementor-widget-container\">\n\t\t\t\t\t\t\t\t\t<p class=\"p1\">Administratorem danych osobowych jest Presti\u017c Nieruchomo\u015bci Presti\u017c Jakub So\u015bnica, 42-200 Cz\u0119stochowa, Wilsona 30 lok. A2, NIP: 573-281-30-30. Dane osobowe podane w formularzu b\u0119d\u0105 przetwarzane w celu: udzielenia odpowiedzi na przes\u0142ane zapytanie, przedstawienia oferty, je\u015bli dotyczy, ewentualnego nawi\u0105zania wsp\u00f3\u0142pracy. Podanie danych jest dobrowolne, ale niezb\u0119dne do realizacji ww. cel\u00f3w. Masz prawo dost\u0119pu do swoich danych, ich poprawiania, usuni\u0119cia, ograniczenia przetwarzania, przenoszenia oraz wniesienia sprzeciwu wobec przetwarzania. W sprawach zwi\u0105zanych z ochron\u0105 danych mo\u017cesz skontaktowa\u0107 si\u0119 z nami pod adresem e-mail: <span class=\"s1\">kontakt@prestiznieruchomosci.pl<\/span> Dane nie b\u0119d\u0105 przekazywane poza Europejski Obszar Gospodarczy ani przetwarzane w spos\u00f3b zautomatyzowany, w tym nie b\u0119d\u0105 podlega\u0107 profilowaniu.<\/p>\t\t\t\t\t\t\t\t<\/div>\n\t\t\t\t<\/div>\n\t\t\t\t<\/div>\n\t\t<div class=\"elementor-element elementor-element-345adc9 e-con-full e-flex e-con e-child\" data-id=\"345adc9\" data-element_type=\"container\">\n\t\t\t\t<div class=\"elementor-element elementor-element-2036b710 elementor-widget elementor-widget-google_maps\" data-id=\"2036b710\" data-element_type=\"widget\" data-widget_type=\"google_maps.default\">\n\t\t\t\t<div class=\"elementor-widget-container\">\n\t\t\t\t\t\t\t<div class=\"elementor-custom-embed\">\n\t\t\t<iframe loading=\"lazy\"\n\t\t\t\t\tsrc=\"https:\/\/maps.google.com\/maps?q=42-200%20Cz%C4%99stochowa%2C%20ul.%20Wilsona%2030%20lok.%20A2&#038;t=m&#038;z=11&#038;output=embed&#038;iwloc=near\"\n\t\t\t\t\ttitle=\"42-200 Cz\u0119stochowa, ul. Wilsona 30 lok. A2\"\n\t\t\t\t\taria-label=\"42-200 Cz\u0119stochowa, ul. Wilsona 30 lok. A2\"\n\t\t\t><\/iframe>\n\t\t<\/div>\n\t\t\t\t\t\t<\/div>\n\t\t\t\t<\/div>\n\t\t\t\t<\/div>\n\t\t\t\t\t<\/div>\n\t\t\t\t<\/div>\n\t\t\t\t\t<\/div>\n\t\t\t\t<\/div>\n\t\t<div class=\"elementor-element elementor-element-7582b83c e-flex e-con-boxed e-con e-parent\" data-id=\"7582b83c\" data-element_type=\"container\">\n\t\t\t\t\t<div class=\"e-con-inner\">\n\t\t<div class=\"elementor-element elementor-element-2b800f45 e-con-full e-flex e-con e-child\" data-id=\"2b800f45\" data-element_type=\"container\">\n\t\t\t\t<div class=\"elementor-element elementor-element-7c043a59 elementor-widget__width-auto elementor-absolute elementor-widget-mobile__width-initial elementor-view-default elementor-widget elementor-widget-icon\" data-id=\"7c043a59\" data-element_type=\"widget\" data-settings=\"{&quot;_position&quot;:&quot;absolute&quot;}\" data-widget_type=\"icon.default\">\n\t\t\t\t<div class=\"elementor-widget-container\">\n\t\t\t\t\t\t\t<div class=\"elementor-icon-wrapper\">\n\t\t\t<div class=\"elementor-icon\">\n\t\t\t<svg xmlns=\"http:\/\/www.w3.org\/2000\/svg\" id=\"a72f1db4-4b9f-4cbc-ac4c-a54efeaf8336\" data-name=\"Layer 1\" width=\"100\" height=\"100\" viewBox=\"0 0 100 100\"><title>Shape<\/title><path id=\"aecdc5f9-a79f-465f-8b06-186d589ccd57\" data-name=\"Shape\" d=\"M0,100V0H50V50h50v50Z\" style=\"fill-rule:evenodd\"><\/path><\/svg>\t\t\t<\/div>\n\t\t<\/div>\n\t\t\t\t\t\t<\/div>\n\t\t\t\t<\/div>\n\t\t<div class=\"elementor-element elementor-element-6670aec5 e-con-full e-flex e-con e-child\" data-id=\"6670aec5\" data-element_type=\"container\">\n\t\t<div class=\"elementor-element elementor-element-acf277 e-con-full e-flex e-con e-child\" data-id=\"acf277\" data-element_type=\"container\">\n\t\t\t\t<div class=\"elementor-element elementor-element-6cc5857f elementor-widget elementor-widget-heading\" data-id=\"6cc5857f\" data-element_type=\"widget\" data-widget_type=\"heading.default\">\n\t\t\t\t<div class=\"elementor-widget-container\">\n\t\t\t\t\t<h2 class=\"elementor-heading-title elementor-size-default\">Ostatnio dodane nieruchomo\u015bci<\/h2>\t\t\t\t<\/div>\n\t\t\t\t<\/div>\n\t\t\t\t<\/div>\n\t\t<div class=\"elementor-element elementor-element-288ff249 e-con-full e-flex e-con e-child\" data-id=\"288ff249\" data-element_type=\"container\">\n\t\t\t\t<div class=\"elementor-element elementor-element-509a2ea0 elementor-widget__width-initial elementor-widget elementor-widget-text-editor\" data-id=\"509a2ea0\" data-element_type=\"widget\" data-widget_type=\"text-editor.default\">\n\t\t\t\t<div class=\"elementor-widget-container\">\n\t\t\t\t\t\t\t\t\t<p class=\"p1\">Sprawd\u017a nasze \u015bwie\u017co dodane oferty \u2013 znajd\u017a wymarzon\u0105 nieruchomo\u015b\u0107 na sprzeda\u017c lub wynajem. Ka\u017cda z nich zosta\u0142a starannie wybrana, by spe\u0142nia\u0107 oczekiwania najbardziej wymagaj\u0105cych klient\u00f3w. Kliknij i zobacz szczeg\u00f3\u0142y!<\/p>\t\t\t\t\t\t\t\t<\/div>\n\t\t\t\t<\/div>\n\t\t\t\t<\/div>\n\t\t\t\t<\/div>\n\t\t\t\t<div class=\"elementor-element elementor-element-70a6318b elementor-grid-2 elementor-grid-tablet-2 elementor-grid-mobile-1 elementor-posts--thumbnail-top elementor-widget elementor-widget-posts\" data-id=\"70a6318b\" data-element_type=\"widget\" data-settings=\"{&quot;classic_columns&quot;:&quot;2&quot;,&quot;classic_row_gap&quot;:{&quot;unit&quot;:&quot;px&quot;,&quot;size&quot;:&quot;50&quot;,&quot;sizes&quot;:[]},&quot;classic_columns_tablet&quot;:&quot;2&quot;,&quot;classic_columns_mobile&quot;:&quot;1&quot;,&quot;classic_row_gap_tablet&quot;:{&quot;unit&quot;:&quot;px&quot;,&quot;size&quot;:&quot;&quot;,&quot;sizes&quot;:[]},&quot;classic_row_gap_mobile&quot;:{&quot;unit&quot;:&quot;px&quot;,&quot;size&quot;:&quot;&quot;,&quot;sizes&quot;:[]}}\" data-widget_type=\"posts.classic\">\n\t\t\t\t<div class=\"elementor-widget-container\">\n\t\t\t\t\t\t\t<div class=\"elementor-posts-container elementor-posts elementor-posts--skin-classic elementor-grid\">\n\t\t\t\t<article class=\"elementor-post elementor-grid-item post-207 post type-post status-publish format-standard has-post-thumbnail hentry category-nieruchomosci\">\n\t\t\t\t<a class=\"elementor-post__thumbnail__link\" href=\"https:\/\/prestiz.uwb.pl\/index.php\/2025\/04\/16\/oferta-c\/\" tabindex=\"-1\" >\n\t\t\t<div class=\"elementor-post__thumbnail\"><img fetchpriority=\"high\" decoding=\"async\" width=\"985\" height=\"635\" src=\"https:\/\/prestiz.uwb.pl\/wp-content\/uploads\/2020\/05\/Post-3.png\" class=\"attachment-full size-full wp-image-89\" alt=\"\" srcset=\"https:\/\/prestiz.uwb.pl\/wp-content\/uploads\/2020\/05\/Post-3.png 985w, https:\/\/prestiz.uwb.pl\/wp-content\/uploads\/2020\/05\/Post-3-300x193.png 300w, https:\/\/prestiz.uwb.pl\/wp-content\/uploads\/2020\/05\/Post-3-768x495.png 768w\" sizes=\"(max-width: 985px) 100vw, 985px\" \/><\/div>\n\t\t<\/a>\n\t\t\t\t<div class=\"elementor-post__text\">\n\t\t\t\t<h3 class=\"elementor-post__title\">\n\t\t\t<a href=\"https:\/\/prestiz.uwb.pl\/index.php\/2025\/04\/16\/oferta-c\/\" >\n\t\t\t\tOferta C\t\t\t<\/a>\n\t\t<\/h3>\n\t\t\n\t\t<a class=\"elementor-post__read-more\" href=\"https:\/\/prestiz.uwb.pl\/index.php\/2025\/04\/16\/oferta-c\/\" aria-label=\"Read more about Oferta C\" tabindex=\"-1\" >\n\t\t\tDowiedz si\u0119 wi\u0119cej\t\t<\/a>\n\n\t\t\t\t<\/div>\n\t\t\t\t<\/article>\n\t\t\t\t<article class=\"elementor-post elementor-grid-item post-84 post type-post status-publish format-standard has-post-thumbnail hentry category-nieruchomosci\">\n\t\t\t\t<a class=\"elementor-post__thumbnail__link\" href=\"https:\/\/prestiz.uwb.pl\/index.php\/2025\/04\/16\/oferta-a\/\" tabindex=\"-1\" >\n\t\t\t<div class=\"elementor-post__thumbnail\"><img decoding=\"async\" width=\"823\" height=\"639\" src=\"https:\/\/prestiz.uwb.pl\/wp-content\/uploads\/2020\/05\/Properties-6.png\" class=\"attachment-full size-full wp-image-99\" alt=\"\" srcset=\"https:\/\/prestiz.uwb.pl\/wp-content\/uploads\/2020\/05\/Properties-6.png 823w, https:\/\/prestiz.uwb.pl\/wp-content\/uploads\/2020\/05\/Properties-6-300x233.png 300w, https:\/\/prestiz.uwb.pl\/wp-content\/uploads\/2020\/05\/Properties-6-768x596.png 768w\" sizes=\"(max-width: 823px) 100vw, 823px\" \/><\/div>\n\t\t<\/a>\n\t\t\t\t<div class=\"elementor-post__text\">\n\t\t\t\t<h3 class=\"elementor-post__title\">\n\t\t\t<a href=\"https:\/\/prestiz.uwb.pl\/index.php\/2025\/04\/16\/oferta-a\/\" >\n\t\t\t\tOferta A\t\t\t<\/a>\n\t\t<\/h3>\n\t\t\n\t\t<a class=\"elementor-post__read-more\" href=\"https:\/\/prestiz.uwb.pl\/index.php\/2025\/04\/16\/oferta-a\/\" aria-label=\"Read more about Oferta A\" tabindex=\"-1\" >\n\t\t\tDowiedz si\u0119 wi\u0119cej\t\t<\/a>\n\n\t\t\t\t<\/div>\n\t\t\t\t<\/article>\n\t\t\t\t<\/div>\n\t\t\n\t\t\t\t\t\t<\/div>\n\t\t\t\t<\/div>\n\t\t\t\t<\/div>\n\t\t\t\t\t<\/div>\n\t\t\t\t<\/div>\n\t\t\t\t<\/div>\n\t\t","protected":false},"excerpt":{"rendered":"<p>Kontakt Wybierz najwygodniejsz\u0105 dla Ciebie form\u0119 kontaktu \u2013 telefon, e-mail lub formularz online. Z przyjemno\u015bci\u0105 porozmawiamy o Twoich potrzebach zwi\u0105zanych z nieruchomo\u015bciami i doradzimy optymalne<\/p>\n","protected":false},"author":1,"featured_media":0,"parent":0,"menu_order":0,"comment_status":"closed","ping_status":"closed","template":"elementor_header_footer","meta":{"footnotes":""},"class_list":["post-39","page","type-page","status-publish","hentry"],"_links":{"self":[{"href":"https:\/\/prestiz.uwb.pl\/index.php\/wp-json\/wp\/v2\/pages\/39","targetHints":{"allow":["GET"]}}],"collection":[{"href":"https:\/\/prestiz.uwb.pl\/index.php\/wp-json\/wp\/v2\/pages"}],"about":[{"href":"https:\/\/prestiz.uwb.pl\/index.php\/wp-json\/wp\/v2\/types\/page"}],"author":[{"embeddable":true,"href":"https:\/\/prestiz.uwb.pl\/index.php\/wp-json\/wp\/v2\/users\/1"}],"replies":[{"embeddable":true,"href":"https:\/\/prestiz.uwb.pl\/index.php\/wp-json\/wp\/v2\/comments?post=39"}],"version-history":[{"count":95,"href":"https:\/\/prestiz.uwb.pl\/index.php\/wp-json\/wp\/v2\/pages\/39\/revisions"}],"predecessor-version":[{"id":1119,"href":"https:\/\/prestiz.uwb.pl\/index.php\/wp-json\/wp\/v2\/pages\/39\/revisions\/1119"}],"wp:attachment":[{"href":"https:\/\/prestiz.uwb.pl\/index.php\/wp-json\/wp\/v2\/media?parent=39"}],"curies":[{"name":"wp","href":"https:\/\/api.w.org\/{rel}","templated":true}]}}