{"id":42,"date":"2025-04-16T10:01:21","date_gmt":"2025-04-16T08:01:21","guid":{"rendered":"https:\/\/prestiz.uwb.pl\/index.php\/news\/"},"modified":"2025-05-22T16:08:45","modified_gmt":"2025-05-22T14:08:45","slug":"rynek-i-wiedza","status":"publish","type":"page","link":"https:\/\/prestiz.uwb.pl\/index.php\/rynek-i-wiedza\/","title":{"rendered":"Rynek i wiedza"},"content":{"rendered":"\t\t<div data-elementor-type=\"wp-page\" data-elementor-id=\"42\" class=\"elementor elementor-42\" data-elementor-post-type=\"page\">\n\t\t\t\t<div class=\"elementor-element elementor-element-13c763e4 e-flex e-con-boxed e-con e-parent\" data-id=\"13c763e4\" data-element_type=\"container\" data-settings=\"{&quot;background_background&quot;:&quot;classic&quot;}\">\n\t\t\t\t\t<div class=\"e-con-inner\">\n\t\t<div class=\"elementor-element elementor-element-523f2a85 e-con-full e-flex e-con e-child\" data-id=\"523f2a85\" data-element_type=\"container\">\n\t\t\t\t<div class=\"elementor-element elementor-element-26d0b3e2 elementor-widget elementor-widget-heading\" data-id=\"26d0b3e2\" data-element_type=\"widget\" data-widget_type=\"heading.default\">\n\t\t\t\t<div class=\"elementor-widget-container\">\n\t\t\t\t\t<h1 class=\"elementor-heading-title elementor-size-default\">Rynek & Wiedza<\/h1>\t\t\t\t<\/div>\n\t\t\t\t<\/div>\n\t\t\t\t<\/div>\n\t\t<div class=\"elementor-element elementor-element-1e77abde e-con-full e-flex e-con e-child\" data-id=\"1e77abde\" data-element_type=\"container\">\n\t\t\t\t<div class=\"elementor-element elementor-element-4dddbd76 elementor-widget elementor-widget-text-editor\" data-id=\"4dddbd76\" data-element_type=\"widget\" data-widget_type=\"text-editor.default\">\n\t\t\t\t<div class=\"elementor-widget-container\">\n\t\t\t\t\t\t\t\t\t<p class=\"p1\">Witaj w naszej bazie wiedzy o rynku nieruchomo\u015bci. Dzielimy si\u0119 tutaj aktualno\u015bciami, poradami i analizami, kt\u00f3re pomog\u0105 Ci podejmowa\u0107 \u015bwiadome decyzje inwestycyjne.<\/p><p class=\"p1\">Niezale\u017cnie czy jeste\u015b do\u015bwiadczonym inwestorem, czy dopiero planujesz zakup mieszkania \u2013 znajdziesz tu warto\u015bciowe informacje.<\/p><p class=\"p1\">Na naszym blogu poruszamy tematy takie jak: trendy i zmiany na rynku nieruchomo\u015bci, praktyczne poradniki dla w\u0142a\u015bcicieli i wynajmuj\u0105cych, aspekty prawne i finansowe, historie i case study z naszej praktyki, informacje o naszej firmie i zespole.<\/p>\t\t\t\t\t\t\t\t<\/div>\n\t\t\t\t<\/div>\n\t\t\t\t<\/div>\n\t\t\t\t\t<\/div>\n\t\t\t\t<\/div>\n\t\t<div class=\"elementor-element elementor-element-a7e5e22 e-flex e-con-boxed e-con e-parent\" data-id=\"a7e5e22\" data-element_type=\"container\" data-settings=\"{&quot;background_background&quot;:&quot;classic&quot;}\">\n\t\t\t\t\t<div class=\"e-con-inner\">\n\t\t<div class=\"elementor-element elementor-element-211e5db e-con-full e-flex e-con e-child\" data-id=\"211e5db\" data-element_type=\"container\">\n\t\t<div class=\"elementor-element elementor-element-5f84e76 e-flex e-con-boxed e-con e-child\" data-id=\"5f84e76\" data-element_type=\"container\" data-settings=\"{&quot;background_background&quot;:&quot;classic&quot;}\">\n\t\t\t\t\t<div class=\"e-con-inner\">\n\t\t\t\t<div class=\"elementor-element elementor-element-e07e289 elementor-widget elementor-widget-heading\" data-id=\"e07e289\" data-element_type=\"widget\" data-widget_type=\"heading.default\">\n\t\t\t\t<div class=\"elementor-widget-container\">\n\t\t\t\t\t<h2 class=\"elementor-heading-title elementor-size-default\">Zapraszamy do zapoznania si\u0119 z wpisami:<\/h2>\t\t\t\t<\/div>\n\t\t\t\t<\/div>\n\t\t\t\t\t<\/div>\n\t\t\t\t<\/div>\n\t\t\t\t<\/div>\n\t\t\t\t\t<\/div>\n\t\t\t\t<\/div>\n\t\t<div class=\"elementor-element elementor-element-78bcf0c8 e-flex e-con-boxed e-con e-parent\" data-id=\"78bcf0c8\" data-element_type=\"container\">\n\t\t\t\t\t<div class=\"e-con-inner\">\n\t\t<div class=\"elementor-element elementor-element-7e197aec e-con-full e-flex e-con e-child\" data-id=\"7e197aec\" data-element_type=\"container\">\n\t\t\t\t<div class=\"elementor-element elementor-element-6f27cb8a elementor-posts__hover-none elementor-grid-3 elementor-grid-tablet-2 elementor-grid-mobile-1 elementor-posts--thumbnail-top elementor-card-shadow-yes elementor-widget elementor-widget-posts\" data-id=\"6f27cb8a\" data-element_type=\"widget\" data-settings=\"{&quot;cards_columns&quot;:&quot;3&quot;,&quot;cards_columns_tablet&quot;:&quot;2&quot;,&quot;cards_columns_mobile&quot;:&quot;1&quot;,&quot;cards_row_gap&quot;:{&quot;unit&quot;:&quot;px&quot;,&quot;size&quot;:35,&quot;sizes&quot;:[]},&quot;cards_row_gap_tablet&quot;:{&quot;unit&quot;:&quot;px&quot;,&quot;size&quot;:&quot;&quot;,&quot;sizes&quot;:[]},&quot;cards_row_gap_mobile&quot;:{&quot;unit&quot;:&quot;px&quot;,&quot;size&quot;:&quot;&quot;,&quot;sizes&quot;:[]}}\" data-widget_type=\"posts.cards\">\n\t\t\t\t<div class=\"elementor-widget-container\">\n\t\t\t\t\t\t\t<div class=\"elementor-posts-container elementor-posts elementor-posts--skin-cards elementor-grid\">\n\t\t\t\t<article class=\"elementor-post elementor-grid-item post-78 post type-post status-publish format-standard has-post-thumbnail hentry category-rynekwiedza\">\n\t\t\t<div class=\"elementor-post__card\">\n\t\t\t\t<a class=\"elementor-post__thumbnail__link\" href=\"https:\/\/prestiz.uwb.pl\/index.php\/2025\/04\/16\/a-balcony-is-a-must-key-feature-in-your-next-luxury-condo\/\" tabindex=\"-1\" ><div class=\"elementor-post__thumbnail\"><img fetchpriority=\"high\" decoding=\"async\" width=\"985\" height=\"635\" src=\"https:\/\/prestiz.uwb.pl\/wp-content\/uploads\/2020\/05\/Post-9.png\" class=\"attachment-full size-full wp-image-79\" alt=\"\" srcset=\"https:\/\/prestiz.uwb.pl\/wp-content\/uploads\/2020\/05\/Post-9.png 985w, https:\/\/prestiz.uwb.pl\/wp-content\/uploads\/2020\/05\/Post-9-300x193.png 300w, https:\/\/prestiz.uwb.pl\/wp-content\/uploads\/2020\/05\/Post-9-768x495.png 768w\" sizes=\"(max-width: 985px) 100vw, 985px\" \/><\/div><\/a>\n\t\t\t\t<div class=\"elementor-post__text\">\n\t\t\t\t<h3 class=\"elementor-post__title\">\n\t\t\t<a href=\"https:\/\/prestiz.uwb.pl\/index.php\/2025\/04\/16\/a-balcony-is-a-must-key-feature-in-your-next-luxury-condo\/\" >\n\t\t\t\tDeweloperski Fundusz Gwarancyjny\t\t\t<\/a>\n\t\t<\/h3>\n\t\t\t\t<div class=\"elementor-post__excerpt\">\n\t\t\t<p>Lorem ipsum dolor sit amet, conetur adng elitd dllro eiusmod temr inat aroma shabat.<\/p>\n\t\t<\/div>\n\t\t\t\t<\/div>\n\t\t\t\t<div class=\"elementor-post__meta-data\">\n\t\t\t\t\t<span class=\"elementor-post-date\">\n\t\t\t2025-04-16\t\t<\/span>\n\t\t\t\t<\/div>\n\t\t\t\t\t<\/div>\n\t\t<\/article>\n\t\t\t\t<article class=\"elementor-post elementor-grid-item post-74 post type-post status-publish format-standard has-post-thumbnail hentry category-rynekwiedza\">\n\t\t\t<div class=\"elementor-post__card\">\n\t\t\t\t<a class=\"elementor-post__thumbnail__link\" href=\"https:\/\/prestiz.uwb.pl\/index.php\/2025\/04\/16\/wpis-hipoteki-do-ksiegi-wieczystej\/\" tabindex=\"-1\" ><div class=\"elementor-post__thumbnail\"><img decoding=\"async\" width=\"985\" height=\"635\" src=\"https:\/\/prestiz.uwb.pl\/wp-content\/uploads\/2020\/05\/Post-6.png\" class=\"attachment-full size-full wp-image-92\" alt=\"\" srcset=\"https:\/\/prestiz.uwb.pl\/wp-content\/uploads\/2020\/05\/Post-6.png 985w, https:\/\/prestiz.uwb.pl\/wp-content\/uploads\/2020\/05\/Post-6-300x193.png 300w, https:\/\/prestiz.uwb.pl\/wp-content\/uploads\/2020\/05\/Post-6-768x495.png 768w\" sizes=\"(max-width: 985px) 100vw, 985px\" \/><\/div><\/a>\n\t\t\t\t<div class=\"elementor-post__text\">\n\t\t\t\t<h3 class=\"elementor-post__title\">\n\t\t\t<a href=\"https:\/\/prestiz.uwb.pl\/index.php\/2025\/04\/16\/wpis-hipoteki-do-ksiegi-wieczystej\/\" >\n\t\t\t\tWpis hipoteki do ksi\u0119gi wieczystej\t\t\t<\/a>\n\t\t<\/h3>\n\t\t\t\t<div class=\"elementor-post__excerpt\">\n\t\t\t<p>Lorem ipsum dolor sit amet, conetur adng elitd dllro eiusmod temr inat aroma shabat.<\/p>\n\t\t<\/div>\n\t\t\t\t<\/div>\n\t\t\t\t<div class=\"elementor-post__meta-data\">\n\t\t\t\t\t<span class=\"elementor-post-date\">\n\t\t\t2025-04-16\t\t<\/span>\n\t\t\t\t<\/div>\n\t\t\t\t\t<\/div>\n\t\t<\/article>\n\t\t\t\t<article class=\"elementor-post elementor-grid-item post-75 post type-post status-publish format-standard has-post-thumbnail hentry category-rynekwiedza\">\n\t\t\t<div class=\"elementor-post__card\">\n\t\t\t\t<a class=\"elementor-post__thumbnail__link\" href=\"https:\/\/prestiz.uwb.pl\/index.php\/2025\/04\/16\/spadek-cen-w-warszawie-i-krakowie\/\" tabindex=\"-1\" ><div class=\"elementor-post__thumbnail\"><img decoding=\"async\" width=\"985\" height=\"635\" src=\"https:\/\/prestiz.uwb.pl\/wp-content\/uploads\/2020\/05\/Post-7.png\" class=\"attachment-full size-full wp-image-93\" alt=\"\" srcset=\"https:\/\/prestiz.uwb.pl\/wp-content\/uploads\/2020\/05\/Post-7.png 985w, https:\/\/prestiz.uwb.pl\/wp-content\/uploads\/2020\/05\/Post-7-300x193.png 300w, https:\/\/prestiz.uwb.pl\/wp-content\/uploads\/2020\/05\/Post-7-768x495.png 768w\" sizes=\"(max-width: 985px) 100vw, 985px\" \/><\/div><\/a>\n\t\t\t\t<div class=\"elementor-post__text\">\n\t\t\t\t<h3 class=\"elementor-post__title\">\n\t\t\t<a href=\"https:\/\/prestiz.uwb.pl\/index.php\/2025\/04\/16\/spadek-cen-w-warszawie-i-krakowie\/\" >\n\t\t\t\tSpadek cen w Warszawie i Krakowie\t\t\t<\/a>\n\t\t<\/h3>\n\t\t\t\t<div class=\"elementor-post__excerpt\">\n\t\t\t<p>Lorem ipsum dolor sit amet, conetur adng elitd dllro eiusmod temr inat aroma shabat.<\/p>\n\t\t<\/div>\n\t\t\t\t<\/div>\n\t\t\t\t<div class=\"elementor-post__meta-data\">\n\t\t\t\t\t<span class=\"elementor-post-date\">\n\t\t\t2025-04-16\t\t<\/span>\n\t\t\t\t<\/div>\n\t\t\t\t\t<\/div>\n\t\t<\/article>\n\t\t\t\t<article class=\"elementor-post elementor-grid-item post-73 post type-post status-publish format-standard has-post-thumbnail hentry category-rynekwiedza\">\n\t\t\t<div class=\"elementor-post__card\">\n\t\t\t\t<a class=\"elementor-post__thumbnail__link\" href=\"https:\/\/prestiz.uwb.pl\/index.php\/2025\/04\/16\/oaza-spokoju-u-podnoza-slezy\/\" tabindex=\"-1\" ><div class=\"elementor-post__thumbnail\"><img loading=\"lazy\" decoding=\"async\" width=\"985\" height=\"635\" src=\"https:\/\/prestiz.uwb.pl\/wp-content\/uploads\/2020\/05\/Post-5.png\" class=\"attachment-full size-full wp-image-91\" alt=\"\" srcset=\"https:\/\/prestiz.uwb.pl\/wp-content\/uploads\/2020\/05\/Post-5.png 985w, https:\/\/prestiz.uwb.pl\/wp-content\/uploads\/2020\/05\/Post-5-300x193.png 300w, https:\/\/prestiz.uwb.pl\/wp-content\/uploads\/2020\/05\/Post-5-768x495.png 768w\" sizes=\"(max-width: 985px) 100vw, 985px\" \/><\/div><\/a>\n\t\t\t\t<div class=\"elementor-post__text\">\n\t\t\t\t<h3 class=\"elementor-post__title\">\n\t\t\t<a href=\"https:\/\/prestiz.uwb.pl\/index.php\/2025\/04\/16\/oaza-spokoju-u-podnoza-slezy\/\" >\n\t\t\t\tOaza spokoju u podn\u00f3\u017ca \u015al\u0119\u017cy\t\t\t<\/a>\n\t\t<\/h3>\n\t\t\t\t<div class=\"elementor-post__excerpt\">\n\t\t\t<p>Lorem ipsum dolor sit amet, conetur adng elitd dllro eiusmod temr inat aroma shabat.<\/p>\n\t\t<\/div>\n\t\t\t\t<\/div>\n\t\t\t\t<div class=\"elementor-post__meta-data\">\n\t\t\t\t\t<span class=\"elementor-post-date\">\n\t\t\t2025-04-16\t\t<\/span>\n\t\t\t\t<\/div>\n\t\t\t\t\t<\/div>\n\t\t<\/article>\n\t\t\t\t<\/div>\n\t\t\n\t\t\t\t\t\t<\/div>\n\t\t\t\t<\/div>\n\t\t\t\t<div class=\"elementor-element elementor-element-6a38ad7f elementor-widget__width-auto elementor-absolute elementor-view-default elementor-widget elementor-widget-icon\" data-id=\"6a38ad7f\" data-element_type=\"widget\" data-settings=\"{&quot;_position&quot;:&quot;absolute&quot;}\" data-widget_type=\"icon.default\">\n\t\t\t\t<div class=\"elementor-widget-container\">\n\t\t\t\t\t\t\t<div class=\"elementor-icon-wrapper\">\n\t\t\t<div class=\"elementor-icon\">\n\t\t\t<svg xmlns=\"http:\/\/www.w3.org\/2000\/svg\" id=\"a72f1db4-4b9f-4cbc-ac4c-a54efeaf8336\" data-name=\"Layer 1\" width=\"100\" height=\"100\" viewBox=\"0 0 100 100\"><title>Shape<\/title><path id=\"aecdc5f9-a79f-465f-8b06-186d589ccd57\" data-name=\"Shape\" d=\"M0,100V0H50V50h50v50Z\" style=\"fill-rule:evenodd\"><\/path><\/svg>\t\t\t<\/div>\n\t\t<\/div>\n\t\t\t\t\t\t<\/div>\n\t\t\t\t<\/div>\n\t\t\t\t<\/div>\n\t\t\t\t\t<\/div>\n\t\t\t\t<\/div>\n\t\t\t\t<\/div>\n\t\t","protected":false},"excerpt":{"rendered":"<p>Rynek &#038; Wiedza Witaj w naszej bazie wiedzy o rynku nieruchomo\u015bci. Dzielimy si\u0119 tutaj aktualno\u015bciami, poradami i analizami, kt\u00f3re pomog\u0105 Ci podejmowa\u0107 \u015bwiadome decyzje inwestycyjne. Niezale\u017cnie czy jeste\u015b do\u015bwiadczonym inwestorem, czy dopiero planujesz zakup mieszkania \u2013 znajdziesz tu warto\u015bciowe informacje. Na naszym blogu poruszamy tematy takie jak: trendy i zmiany na rynku nieruchomo\u015bci, praktyczne poradniki [&hellip;]<\/p>\n","protected":false},"author":1,"featured_media":0,"parent":0,"menu_order":0,"comment_status":"closed","ping_status":"closed","template":"elementor_header_footer","meta":{"footnotes":""},"class_list":["post-42","page","type-page","status-publish","hentry"],"_links":{"self":[{"href":"https:\/\/prestiz.uwb.pl\/index.php\/wp-json\/wp\/v2\/pages\/42","targetHints":{"allow":["GET"]}}],"collection":[{"href":"https:\/\/prestiz.uwb.pl\/index.php\/wp-json\/wp\/v2\/pages"}],"about":[{"href":"https:\/\/prestiz.uwb.pl\/index.php\/wp-json\/wp\/v2\/types\/page"}],"author":[{"embeddable":true,"href":"https:\/\/prestiz.uwb.pl\/index.php\/wp-json\/wp\/v2\/users\/1"}],"replies":[{"embeddable":true,"href":"https:\/\/prestiz.uwb.pl\/index.php\/wp-json\/wp\/v2\/comments?post=42"}],"version-history":[{"count":71,"href":"https:\/\/prestiz.uwb.pl\/index.php\/wp-json\/wp\/v2\/pages\/42\/revisions"}],"predecessor-version":[{"id":1116,"href":"https:\/\/prestiz.uwb.pl\/index.php\/wp-json\/wp\/v2\/pages\/42\/revisions\/1116"}],"wp:attachment":[{"href":"https:\/\/prestiz.uwb.pl\/index.php\/wp-json\/wp\/v2\/media?parent=42"}],"curies":[{"name":"wp","href":"https:\/\/api.w.org\/{rel}","templated":true}]}}