{"id":484,"date":"2025-04-18T11:22:53","date_gmt":"2025-04-18T09:22:53","guid":{"rendered":"https:\/\/prestiz.uwb.pl\/?page_id=484"},"modified":"2025-05-22T16:05:50","modified_gmt":"2025-05-22T14:05:50","slug":"posrednictwo-w-wynajmie-i-sprzedazy","status":"publish","type":"page","link":"https:\/\/prestiz.uwb.pl\/index.php\/posrednictwo-w-wynajmie-i-sprzedazy\/","title":{"rendered":"Po\u015brednictwo w wynajmie i sprzeda\u017cy"},"content":{"rendered":"\t\t<div data-elementor-type=\"wp-page\" data-elementor-id=\"484\" class=\"elementor elementor-484\" data-elementor-post-type=\"page\">\n\t\t\t\t<div class=\"elementor-element elementor-element-18581049 e-flex e-con-boxed e-con e-parent\" data-id=\"18581049\" data-element_type=\"container\" data-settings=\"{&quot;background_background&quot;:&quot;classic&quot;}\">\n\t\t\t\t\t<div class=\"e-con-inner\">\n\t\t<div class=\"elementor-element elementor-element-64308fdd e-con-full e-flex e-con e-child\" data-id=\"64308fdd\" data-element_type=\"container\">\n\t\t\t\t<div class=\"elementor-element elementor-element-248b45d0 elementor-widget elementor-widget-heading\" data-id=\"248b45d0\" data-element_type=\"widget\" data-widget_type=\"heading.default\">\n\t\t\t\t<div class=\"elementor-widget-container\">\n\t\t\t\t\t<h1 class=\"elementor-heading-title elementor-size-default\">Po\u015brednictwo w wynajmie i sprzeda\u017cy<\/h1>\t\t\t\t<\/div>\n\t\t\t\t<\/div>\n\t\t\t\t<div class=\"elementor-element elementor-element-cd6a17b elementor-widget elementor-widget-text-editor\" data-id=\"cd6a17b\" data-element_type=\"widget\" data-widget_type=\"text-editor.default\">\n\t\t\t\t<div class=\"elementor-widget-container\">\n\t\t\t\t\t\t\t\t\t<p class=\"p1\">Sprzedaj lub wynajmij z nami \u2013 szybko, zyskownie, bezpiecznie.<\/p>\t\t\t\t\t\t\t\t<\/div>\n\t\t\t\t<\/div>\n\t\t\t\t<\/div>\n\t\t<div class=\"elementor-element elementor-element-649af592 e-con-full e-flex e-con e-child\" data-id=\"649af592\" data-element_type=\"container\">\n\t\t\t\t<div class=\"elementor-element elementor-element-7a13a4a1 elementor-widget elementor-widget-text-editor\" data-id=\"7a13a4a1\" data-element_type=\"widget\" data-widget_type=\"text-editor.default\">\n\t\t\t\t<div class=\"elementor-widget-container\">\n\t\t\t\t\t\t\t\t\t<p class=\"p1\">Planujesz sprzeda\u017c lub wynajem nieruchomo\u015bci? Z nami przejdziesz przez ten proces komfortowo i bez ryzyka. Dzia\u0142amy jako Tw\u00f3j zaufany po\u015brednik, kt\u00f3ry zadba o wszystkie etapy transakcji \u2013 od przygotowania oferty po finalizacj\u0119 umowy. Niezale\u017cnie, czy chcesz sprzeda\u0107 luksusowy apartament, czy wynaj\u0105\u0107 mieszkanie, zapewnimy Ci profesjonalne wsparcie i doradztwo.<\/p>\t\t\t\t\t\t\t\t<\/div>\n\t\t\t\t<\/div>\n\t\t\t\t<\/div>\n\t\t\t\t\t<\/div>\n\t\t\t\t<\/div>\n\t\t<div class=\"elementor-element elementor-element-b39977e e-flex e-con-boxed e-con e-parent\" data-id=\"b39977e\" data-element_type=\"container\" data-settings=\"{&quot;background_background&quot;:&quot;classic&quot;}\">\n\t\t\t\t\t<div class=\"e-con-inner\">\n\t\t<div class=\"elementor-element elementor-element-b505d71 e-con-full e-flex e-con e-child\" data-id=\"b505d71\" data-element_type=\"container\">\n\t\t<div class=\"elementor-element elementor-element-f2f3135 e-flex e-con-boxed e-con e-child\" data-id=\"f2f3135\" data-element_type=\"container\" data-settings=\"{&quot;background_background&quot;:&quot;classic&quot;}\">\n\t\t\t\t\t<div class=\"e-con-inner\">\n\t\t\t\t<div class=\"elementor-element elementor-element-a456321 elementor-widget elementor-widget-heading\" data-id=\"a456321\" data-element_type=\"widget\" data-widget_type=\"heading.default\">\n\t\t\t\t<div class=\"elementor-widget-container\">\n\t\t\t\t\t<h2 class=\"elementor-heading-title elementor-size-default\">W ramach us\u0142ugi po\u015brednictwa w sprzeda\u017cy zajmujemy si\u0119:<\/h2>\t\t\t\t<\/div>\n\t\t\t\t<\/div>\n\t\t\t\t\t<\/div>\n\t\t\t\t<\/div>\n\t\t\t\t<\/div>\n\t\t\t\t\t<\/div>\n\t\t\t\t<\/div>\n\t\t<div class=\"elementor-element elementor-element-6049a2f3 e-flex e-con-boxed e-con e-parent\" data-id=\"6049a2f3\" data-element_type=\"container\">\n\t\t\t\t\t<div class=\"e-con-inner\">\n\t\t<div class=\"elementor-element elementor-element-67aee164 e-con-full e-flex e-con e-child\" data-id=\"67aee164\" data-element_type=\"container\">\n\t\t<div class=\"elementor-element elementor-element-4ad07a90 e-con-full e-flex e-con e-child\" data-id=\"4ad07a90\" data-element_type=\"container\">\n\t\t<div class=\"elementor-element elementor-element-52559bf7 e-con-full e-flex e-con e-child\" data-id=\"52559bf7\" data-element_type=\"container\">\n\t\t\t\t<div class=\"elementor-element elementor-element-45dfd00d elementor-widget elementor-widget-heading\" data-id=\"45dfd00d\" data-element_type=\"widget\" data-widget_type=\"heading.default\">\n\t\t\t\t<div class=\"elementor-widget-container\">\n\t\t\t\t\t<h3 class=\"elementor-heading-title elementor-size-default\">Analiz\u0119 i wycen\u0119 nieruchomo\u015bci<\/h3>\t\t\t\t<\/div>\n\t\t\t\t<\/div>\n\t\t\t\t<div class=\"elementor-element elementor-element-2dcf0593 elementor-widget elementor-widget-text-editor\" data-id=\"2dcf0593\" data-element_type=\"widget\" data-widget_type=\"text-editor.default\">\n\t\t\t\t<div class=\"elementor-widget-container\">\n\t\t\t\t\t\t\t\t\t<p class=\"p1\">Dokonujemy fachowej oceny warto\u015bci rynkowej Twojej nieruchomo\u015bci, bior\u0105c pod uwag\u0119 aktualne trendy i lokalizacj\u0119. Doradzamy optymaln\u0105 cen\u0119 ofertow\u0105, aby transakcja by\u0142a atrakcyjna i jednocze\u015bnie maksymalnie korzystna dla Ciebie.<\/p>\t\t\t\t\t\t\t\t<\/div>\n\t\t\t\t<\/div>\n\t\t\t\t<div class=\"elementor-element elementor-element-7fd2dee7 elementor-widget elementor-widget-spacer\" data-id=\"7fd2dee7\" data-element_type=\"widget\" data-widget_type=\"spacer.default\">\n\t\t\t\t<div class=\"elementor-widget-container\">\n\t\t\t\t\t\t\t<div class=\"elementor-spacer\">\n\t\t\t<div class=\"elementor-spacer-inner\"><\/div>\n\t\t<\/div>\n\t\t\t\t\t\t<\/div>\n\t\t\t\t<\/div>\n\t\t\t\t<div class=\"elementor-element elementor-element-86e52c6 elementor-widget elementor-widget-heading\" data-id=\"86e52c6\" data-element_type=\"widget\" data-widget_type=\"heading.default\">\n\t\t\t\t<div class=\"elementor-widget-container\">\n\t\t\t\t\t<h3 class=\"elementor-heading-title elementor-size-default\">Skuteczny marketing oferty<\/h3>\t\t\t\t<\/div>\n\t\t\t\t<\/div>\n\t\t\t\t<div class=\"elementor-element elementor-element-6e343c71 elementor-widget elementor-widget-text-editor\" data-id=\"6e343c71\" data-element_type=\"widget\" data-widget_type=\"text-editor.default\">\n\t\t\t\t<div class=\"elementor-widget-container\">\n\t\t\t\t\t\t\t\t\t<p class=\"p1\">Publikujemy ofert\u0119 na popularnych portalach nieruchomo\u015bci i docieramy do bazy zweryfikowanych klient\u00f3w poszukuj\u0105cych. Wykorzystujemy r\u00f3wnie\u017c marketing bezpo\u015bredni i nasze kontakty, aby dotrze\u0107 do potencjalnie zainteresowanych kupc\u00f3w lub najemc\u00f3w.<\/p>\t\t\t\t\t\t\t\t<\/div>\n\t\t\t\t<\/div>\n\t\t\t\t<div class=\"elementor-element elementor-element-4aa6eedf elementor-widget elementor-widget-spacer\" data-id=\"4aa6eedf\" data-element_type=\"widget\" data-widget_type=\"spacer.default\">\n\t\t\t\t<div class=\"elementor-widget-container\">\n\t\t\t\t\t\t\t<div class=\"elementor-spacer\">\n\t\t\t<div class=\"elementor-spacer-inner\"><\/div>\n\t\t<\/div>\n\t\t\t\t\t\t<\/div>\n\t\t\t\t<\/div>\n\t\t\t\t<div class=\"elementor-element elementor-element-4fa0bd8d elementor-widget elementor-widget-heading\" data-id=\"4fa0bd8d\" data-element_type=\"widget\" data-widget_type=\"heading.default\">\n\t\t\t\t<div class=\"elementor-widget-container\">\n\t\t\t\t\t<h3 class=\"elementor-heading-title elementor-size-default\">Formalno\u015bci i bezpiecze\u0144stwo transakcji<\/h3>\t\t\t\t<\/div>\n\t\t\t\t<\/div>\n\t\t\t\t<div class=\"elementor-element elementor-element-15b2451a elementor-widget elementor-widget-text-editor\" data-id=\"15b2451a\" data-element_type=\"widget\" data-widget_type=\"text-editor.default\">\n\t\t\t\t<div class=\"elementor-widget-container\">\n\t\t\t\t\t\t\t\t\t<p class=\"p1\">Dbamy o kompletno\u015b\u0107 dokumentacji (m.in. sprawdzamy stan prawny nieruchomo\u015bci, za\u0142atwiamy potrzebne za\u015bwiadczenia). Przygotowujemy projekty um\u00f3w sprzeda\u017cy lub najmu, zapewniamy wsparcie przy finalizacji aktu notarialnego lub podpisaniu umowy najmu. Czuwamy nad tym, by ca\u0142y proces przebiega\u0142 zgodnie z prawem i w spos\u00f3b bezpieczny dla Ciebie.<\/p>\t\t\t\t\t\t\t\t<\/div>\n\t\t\t\t<\/div>\n\t\t\t\t<\/div>\n\t\t<div class=\"elementor-element elementor-element-611e6961 e-con-full e-flex e-con e-child\" data-id=\"611e6961\" data-element_type=\"container\">\n\t\t\t\t<div class=\"elementor-element elementor-element-5b3c41f7 elementor-widget elementor-widget-heading\" data-id=\"5b3c41f7\" data-element_type=\"widget\" data-widget_type=\"heading.default\">\n\t\t\t\t<div class=\"elementor-widget-container\">\n\t\t\t\t\t<h3 class=\"elementor-heading-title elementor-size-default\">Przygotowanie nieruchomo\u015bci do sprzeda\u017cy\/wynajmu<\/h3>\t\t\t\t<\/div>\n\t\t\t\t<\/div>\n\t\t\t\t<div class=\"elementor-element elementor-element-73afcfa8 elementor-widget elementor-widget-text-editor\" data-id=\"73afcfa8\" data-element_type=\"widget\" data-widget_type=\"text-editor.default\">\n\t\t\t\t<div class=\"elementor-widget-container\">\n\t\t\t\t\t\t\t\t\t<p class=\"p1\">Pomagamy w homestagingu i przygotowaniu lokalu, tak aby prezentowa\u0142 si\u0119 jak najlepiej. Zapewniamy profesjonaln\u0105 sesj\u0119 zdj\u0119ciow\u0105 i opracowujemy atrakcyjny opis, kt\u00f3ry wyr\u00f3\u017cni ofert\u0119 na tle innych.<\/p>\t\t\t\t\t\t\t\t<\/div>\n\t\t\t\t<\/div>\n\t\t\t\t<div class=\"elementor-element elementor-element-122afe52 elementor-widget elementor-widget-spacer\" data-id=\"122afe52\" data-element_type=\"widget\" data-widget_type=\"spacer.default\">\n\t\t\t\t<div class=\"elementor-widget-container\">\n\t\t\t\t\t\t\t<div class=\"elementor-spacer\">\n\t\t\t<div class=\"elementor-spacer-inner\"><\/div>\n\t\t<\/div>\n\t\t\t\t\t\t<\/div>\n\t\t\t\t<\/div>\n\t\t\t\t<div class=\"elementor-element elementor-element-161a2efc elementor-widget elementor-widget-heading\" data-id=\"161a2efc\" data-element_type=\"widget\" data-widget_type=\"heading.default\">\n\t\t\t\t<div class=\"elementor-widget-container\">\n\t\t\t\t\t<h3 class=\"elementor-heading-title elementor-size-default\">Organizacj\u0119 prezentacji i negocjacje<\/h3>\t\t\t\t<\/div>\n\t\t\t\t<\/div>\n\t\t\t\t<div class=\"elementor-element elementor-element-4a6a352e elementor-widget elementor-widget-text-editor\" data-id=\"4a6a352e\" data-element_type=\"widget\" data-widget_type=\"text-editor.default\">\n\t\t\t\t<div class=\"elementor-widget-container\">\n\t\t\t\t\t\t\t\t\t<p class=\"p1\">Zajmujemy si\u0119 obs\u0142ug\u0105 os\u00f3b zainteresowanych ofert\u0105: odpowiadamy na pytania, prezentujemy nieruchomo\u015b\u0107 podczas spotka\u0144. Prowadzimy w Twoim imieniu negocjacje cenowe i warunki transakcji, d\u0105\u017c\u0105c do uzyskania jak najkorzystniejszych warunk\u00f3w.<\/p>\t\t\t\t\t\t\t\t<\/div>\n\t\t\t\t<\/div>\n\t\t\t\t<div class=\"elementor-element elementor-element-4b2d263d elementor-widget elementor-widget-spacer\" data-id=\"4b2d263d\" data-element_type=\"widget\" data-widget_type=\"spacer.default\">\n\t\t\t\t<div class=\"elementor-widget-container\">\n\t\t\t\t\t\t\t<div class=\"elementor-spacer\">\n\t\t\t<div class=\"elementor-spacer-inner\"><\/div>\n\t\t<\/div>\n\t\t\t\t\t\t<\/div>\n\t\t\t\t<\/div>\n\t\t\t\t<div class=\"elementor-element elementor-element-305e57f8 elementor-widget elementor-widget-heading\" data-id=\"305e57f8\" data-element_type=\"widget\" data-widget_type=\"heading.default\">\n\t\t\t\t<div class=\"elementor-widget-container\">\n\t\t\t\t\t<h3 class=\"elementor-heading-title elementor-size-default\">Wsparcie posprzeda\u017cowe<\/h3>\t\t\t\t<\/div>\n\t\t\t\t<\/div>\n\t\t\t\t<div class=\"elementor-element elementor-element-695f2dd elementor-widget elementor-widget-text-editor\" data-id=\"695f2dd\" data-element_type=\"widget\" data-widget_type=\"text-editor.default\">\n\t\t\t\t<div class=\"elementor-widget-container\">\n\t\t\t\t\t\t\t\t\t<p class=\"p1\">Nawet po sfinalizowaniu transakcji s\u0142u\u017cymy pomoc\u0105 i rad\u0105. Je\u015bli to wynajem, mo\u017cemy dalej zarz\u0105dza\u0107 najmem (\u0142\u0105cz\u0105c us\u0142ug\u0119 po\u015brednictwa z zarz\u0105dzaniem). Je\u015bli sprzeda\u017c \u2013 pomagamy przekaza\u0107 nieruchomo\u015b\u0107 nowemu nabywcy i zako\u0144czy\u0107 wszelkie zobowi\u0105zania.<\/p>\t\t\t\t\t\t\t\t<\/div>\n\t\t\t\t<\/div>\n\t\t\t\t<div class=\"elementor-element elementor-element-3a97b58f elementor-widget elementor-widget-spacer\" data-id=\"3a97b58f\" data-element_type=\"widget\" data-widget_type=\"spacer.default\">\n\t\t\t\t<div class=\"elementor-widget-container\">\n\t\t\t\t\t\t\t<div class=\"elementor-spacer\">\n\t\t\t<div class=\"elementor-spacer-inner\"><\/div>\n\t\t<\/div>\n\t\t\t\t\t\t<\/div>\n\t\t\t\t<\/div>\n\t\t\t\t<\/div>\n\t\t\t\t<\/div>\n\t\t\t\t<\/div>\n\t\t\t\t\t<\/div>\n\t\t\t\t<\/div>\n\t\t<div class=\"elementor-element elementor-element-66247573 e-flex e-con-boxed e-con e-parent\" data-id=\"66247573\" data-element_type=\"container\" data-settings=\"{&quot;background_background&quot;:&quot;gradient&quot;}\">\n\t\t\t\t\t<div class=\"e-con-inner\">\n\t\t<div class=\"elementor-element elementor-element-5e3856c2 e-con-full e-flex e-con e-child\" data-id=\"5e3856c2\" data-element_type=\"container\">\n\t\t<div class=\"elementor-element elementor-element-4b67506d e-flex e-con-boxed e-con e-child\" data-id=\"4b67506d\" data-element_type=\"container\">\n\t\t\t\t\t<div class=\"e-con-inner\">\n\t\t\t\t<div class=\"elementor-element elementor-element-38106072 elementor-widget elementor-widget-text-editor\" data-id=\"38106072\" data-element_type=\"widget\" data-widget_type=\"text-editor.default\">\n\t\t\t\t<div class=\"elementor-widget-container\">\n\t\t\t\t\t\t\t\t\t<p class=\"p1\">Nasze po\u015brednictwo to oszcz\u0119dno\u015b\u0107 Twojego czasu i maksymalizacja zysku. Dzi\u0119ki znajomo\u015bci rynku i profesjonalnym negocjacjom uzyskasz najlepsz\u0105 mo\u017cliw\u0105 cen\u0119, a jednocze\u015bnie unikniesz stresu zwi\u0105zanego ze sprzeda\u017c\u0105 czy wynajmem we w\u0142asnym zakresie.<\/p>\t\t\t\t\t\t\t\t<\/div>\n\t\t\t\t<\/div>\n\t\t\t\t\t<\/div>\n\t\t\t\t<\/div>\n\t\t\t\t<div class=\"elementor-element elementor-element-42b1459c elementor-widget elementor-widget-heading\" data-id=\"42b1459c\" data-element_type=\"widget\" data-widget_type=\"heading.default\">\n\t\t\t\t<div class=\"elementor-widget-container\">\n\t\t\t\t\t<h2 class=\"elementor-heading-title elementor-size-default\">Chcesz sprzeda\u0107 lub\nwynaj\u0105\u0107 nieruchomo\u015b\u0107? <br>Skontaktuj si\u0119 z nami.<\/h2>\t\t\t\t<\/div>\n\t\t\t\t<\/div>\n\t\t\t\t<div class=\"elementor-element elementor-element-69d2342d elementor-align-center elementor-widget elementor-widget-button\" data-id=\"69d2342d\" data-element_type=\"widget\" data-widget_type=\"button.default\">\n\t\t\t\t<div class=\"elementor-widget-container\">\n\t\t\t\t\t\t\t\t\t<div class=\"elementor-button-wrapper\">\n\t\t\t\t\t<a class=\"elementor-button elementor-button-link elementor-size-sm elementor-animation-shrink\" href=\"https:\/\/prestiz.uwb.pl\/index.php\/kontakt\/\">\n\t\t\t\t\t\t<span class=\"elementor-button-content-wrapper\">\n\t\t\t\t\t\t\t\t\t<span class=\"elementor-button-text\">KONTAKT<\/span>\n\t\t\t\t\t<\/span>\n\t\t\t\t\t<\/a>\n\t\t\t\t<\/div>\n\t\t\t\t\t\t\t\t<\/div>\n\t\t\t\t<\/div>\n\t\t\t\t<\/div>\n\t\t\t\t\t<\/div>\n\t\t\t\t<\/div>\n\t\t\t\t<\/div>\n\t\t","protected":false},"excerpt":{"rendered":"<p>Po\u015brednictwo w wynajmie i sprzeda\u017cy Sprzedaj lub wynajmij z nami \u2013 szybko, zyskownie, bezpiecznie. Planujesz sprzeda\u017c lub wynajem nieruchomo\u015bci? Z nami przejdziesz przez ten proces komfortowo i bez ryzyka. Dzia\u0142amy jako Tw\u00f3j zaufany po\u015brednik, kt\u00f3ry zadba o wszystkie etapy transakcji \u2013 od przygotowania oferty po finalizacj\u0119 umowy. Niezale\u017cnie, czy chcesz sprzeda\u0107 luksusowy apartament, czy wynaj\u0105\u0107 [&hellip;]<\/p>\n","protected":false},"author":1,"featured_media":0,"parent":0,"menu_order":0,"comment_status":"closed","ping_status":"closed","template":"elementor_header_footer","meta":{"footnotes":""},"class_list":["post-484","page","type-page","status-publish","hentry"],"_links":{"self":[{"href":"https:\/\/prestiz.uwb.pl\/index.php\/wp-json\/wp\/v2\/pages\/484","targetHints":{"allow":["GET"]}}],"collection":[{"href":"https:\/\/prestiz.uwb.pl\/index.php\/wp-json\/wp\/v2\/pages"}],"about":[{"href":"https:\/\/prestiz.uwb.pl\/index.php\/wp-json\/wp\/v2\/types\/page"}],"author":[{"embeddable":true,"href":"https:\/\/prestiz.uwb.pl\/index.php\/wp-json\/wp\/v2\/users\/1"}],"replies":[{"embeddable":true,"href":"https:\/\/prestiz.uwb.pl\/index.php\/wp-json\/wp\/v2\/comments?post=484"}],"version-history":[{"count":49,"href":"https:\/\/prestiz.uwb.pl\/index.php\/wp-json\/wp\/v2\/pages\/484\/revisions"}],"predecessor-version":[{"id":1106,"href":"https:\/\/prestiz.uwb.pl\/index.php\/wp-json\/wp\/v2\/pages\/484\/revisions\/1106"}],"wp:attachment":[{"href":"https:\/\/prestiz.uwb.pl\/index.php\/wp-json\/wp\/v2\/media?parent=484"}],"curies":[{"name":"wp","href":"https:\/\/api.w.org\/{rel}","templated":true}]}}