{"id":493,"date":"2025-04-18T11:30:08","date_gmt":"2025-04-18T09:30:08","guid":{"rendered":"https:\/\/prestiz.uwb.pl\/?page_id=493"},"modified":"2025-05-22T16:06:59","modified_gmt":"2025-05-22T14:06:59","slug":"inwestycje-zagraniczne","status":"publish","type":"page","link":"https:\/\/prestiz.uwb.pl\/index.php\/inwestycje-zagraniczne\/","title":{"rendered":"Inwestycje zagraniczne"},"content":{"rendered":"\t\t<div data-elementor-type=\"wp-page\" data-elementor-id=\"493\" class=\"elementor elementor-493\" data-elementor-post-type=\"page\">\n\t\t\t\t<div class=\"elementor-element elementor-element-3527c47d e-flex e-con-boxed e-con e-parent\" data-id=\"3527c47d\" data-element_type=\"container\" data-settings=\"{&quot;background_background&quot;:&quot;classic&quot;}\">\n\t\t\t\t\t<div class=\"e-con-inner\">\n\t\t<div class=\"elementor-element elementor-element-75a26a1f e-con-full e-flex e-con e-child\" data-id=\"75a26a1f\" data-element_type=\"container\">\n\t\t\t\t<div class=\"elementor-element elementor-element-230c67d4 elementor-widget elementor-widget-heading\" data-id=\"230c67d4\" data-element_type=\"widget\" data-widget_type=\"heading.default\">\n\t\t\t\t<div class=\"elementor-widget-container\">\n\t\t\t\t\t<h1 class=\"elementor-heading-title elementor-size-default\">Inwestycje zagraniczne<\/h1>\t\t\t\t<\/div>\n\t\t\t\t<\/div>\n\t\t\t\t<div class=\"elementor-element elementor-element-7e9bcfdd elementor-widget elementor-widget-text-editor\" data-id=\"7e9bcfdd\" data-element_type=\"widget\" data-widget_type=\"text-editor.default\">\n\t\t\t\t<div class=\"elementor-widget-container\">\n\t\t\t\t\t\t\t\t\t<p class=\"p1\">Nowe perspektywy dla Twoich inwestycji<\/p>\t\t\t\t\t\t\t\t<\/div>\n\t\t\t\t<\/div>\n\t\t\t\t<\/div>\n\t\t<div class=\"elementor-element elementor-element-56279e45 e-con-full e-flex e-con e-child\" data-id=\"56279e45\" data-element_type=\"container\">\n\t\t\t\t<div class=\"elementor-element elementor-element-5e3c107c elementor-widget elementor-widget-text-editor\" data-id=\"5e3c107c\" data-element_type=\"widget\" data-widget_type=\"text-editor.default\">\n\t\t\t\t<div class=\"elementor-widget-container\">\n\t\t\t\t\t\t\t\t\t<p class=\"p1\">Z my\u015bl\u0105 o klientach szukaj\u0105cych zagranicznych mo\u017cliwo\u015bci inwestycyjnych, rozwijamy nasz\u0105 ofert\u0119 o rynek cypryjski. Cypr to jeden z najatrakcyjniejszych kierunk\u00f3w inwestowania w nieruchomo\u015bci w Europie \u2013 kusi ponad 300 s\u0142onecznych dni w roku, malowniczym otoczeniem oraz stabilnymi warunkami dla zagranicznych inwestor\u00f3w.<\/p>\t\t\t\t\t\t\t\t<\/div>\n\t\t\t\t<\/div>\n\t\t\t\t<\/div>\n\t\t\t\t\t<\/div>\n\t\t\t\t<\/div>\n\t\t<div class=\"elementor-element elementor-element-97d8986 e-flex e-con-boxed e-con e-parent\" data-id=\"97d8986\" data-element_type=\"container\" data-settings=\"{&quot;background_background&quot;:&quot;classic&quot;}\">\n\t\t\t\t\t<div class=\"e-con-inner\">\n\t\t<div class=\"elementor-element elementor-element-2386954 e-con-full e-flex e-con e-child\" data-id=\"2386954\" data-element_type=\"container\">\n\t\t<div class=\"elementor-element elementor-element-9c32d68 e-flex e-con-boxed e-con e-child\" data-id=\"9c32d68\" data-element_type=\"container\" data-settings=\"{&quot;background_background&quot;:&quot;classic&quot;}\">\n\t\t\t\t\t<div class=\"e-con-inner\">\n\t\t\t\t<div class=\"elementor-element elementor-element-1bf5748 elementor-widget elementor-widget-heading\" data-id=\"1bf5748\" data-element_type=\"widget\" data-widget_type=\"heading.default\">\n\t\t\t\t<div class=\"elementor-widget-container\">\n\t\t\t\t\t<h2 class=\"elementor-heading-title elementor-size-default\">W ramach us\u0142ugi inwestycji zagranicznych zajmujemy si\u0119:<\/h2>\t\t\t\t<\/div>\n\t\t\t\t<\/div>\n\t\t\t\t\t<\/div>\n\t\t\t\t<\/div>\n\t\t\t\t<\/div>\n\t\t\t\t\t<\/div>\n\t\t\t\t<\/div>\n\t\t<div class=\"elementor-element elementor-element-304f5fb e-flex e-con-boxed e-con e-parent\" data-id=\"304f5fb\" data-element_type=\"container\">\n\t\t\t\t\t<div class=\"e-con-inner\">\n\t\t<div class=\"elementor-element elementor-element-7f1a4a7 e-con-full e-flex e-con e-child\" data-id=\"7f1a4a7\" data-element_type=\"container\">\n\t\t<div class=\"elementor-element elementor-element-c805955 e-con-full e-flex e-con e-child\" data-id=\"c805955\" data-element_type=\"container\">\n\t\t<div class=\"elementor-element elementor-element-6911ef6 e-con-full e-flex e-con e-child\" data-id=\"6911ef6\" data-element_type=\"container\">\n\t\t\t\t<div class=\"elementor-element elementor-element-1794e4b elementor-widget elementor-widget-heading\" data-id=\"1794e4b\" data-element_type=\"widget\" data-widget_type=\"heading.default\">\n\t\t\t\t<div class=\"elementor-widget-container\">\n\t\t\t\t\t<h3 class=\"elementor-heading-title elementor-size-default\">Wyb\u00f3r w\u0142a\u015bciwej lokalizacji i nieruchomo\u015bci<\/h3>\t\t\t\t<\/div>\n\t\t\t\t<\/div>\n\t\t\t\t<div class=\"elementor-element elementor-element-01abcf6 elementor-widget elementor-widget-text-editor\" data-id=\"01abcf6\" data-element_type=\"widget\" data-widget_type=\"text-editor.default\">\n\t\t\t\t<div class=\"elementor-widget-container\">\n\t\t\t\t\t\t\t\t\t<p>Analizujemy Twoje potrzeby inwestycyjne \u2013 czy szukasz mieszkania pod wynajem wakacyjny, apartamentu na emerytur\u0119, czy drugiego domu pod s\u0142o\u0144cem. Wsp\u00f3lnie okre\u015blamy kryteria, a nast\u0119pnie przedstawiamy tylko sprawdzone oferty \u2013 od zweryfikowanych deweloper\u00f3w i po\u015brednik\u00f3w lokalnych, z kt\u00f3rymi wsp\u00f3\u0142pracujemy bezpo\u015brednio.<\/p>\t\t\t\t\t\t\t\t<\/div>\n\t\t\t\t<\/div>\n\t\t\t\t<div class=\"elementor-element elementor-element-48840a8 elementor-widget elementor-widget-spacer\" data-id=\"48840a8\" data-element_type=\"widget\" data-widget_type=\"spacer.default\">\n\t\t\t\t<div class=\"elementor-widget-container\">\n\t\t\t\t\t\t\t<div class=\"elementor-spacer\">\n\t\t\t<div class=\"elementor-spacer-inner\"><\/div>\n\t\t<\/div>\n\t\t\t\t\t\t<\/div>\n\t\t\t\t<\/div>\n\t\t\t\t<div class=\"elementor-element elementor-element-7e138e1 elementor-widget elementor-widget-heading\" data-id=\"7e138e1\" data-element_type=\"widget\" data-widget_type=\"heading.default\">\n\t\t\t\t<div class=\"elementor-widget-container\">\n\t\t\t\t\t<h3 class=\"elementor-heading-title elementor-size-default\">Organizacja wizyty inwestycyjnej lub pe\u0142na obs\u0142uga zdalna<\/h3>\t\t\t\t<\/div>\n\t\t\t\t<\/div>\n\t\t\t\t<div class=\"elementor-element elementor-element-f64d63b elementor-widget elementor-widget-text-editor\" data-id=\"f64d63b\" data-element_type=\"widget\" data-widget_type=\"text-editor.default\">\n\t\t\t\t<div class=\"elementor-widget-container\">\n\t\t\t\t\t\t\t\t\t<p>Mo\u017cesz obejrze\u0107 nieruchomo\u015b\u0107 osobi\u015bcie lub skorzysta\u0107 z naszej obs\u0142ugi zdalnej \u2013 wideoprezentacje, zdj\u0119cia, dokumenty, wszystko dost\u0119pne online. Je\u015bli zdecydujesz si\u0119 na wyjazd \u2013 pomo\u017cemy zorganizowa\u0107 wizyt\u0119 inwestycyjn\u0105, w tym kontakt z deweloperem, prezentacj\u0119 ofert i wsparcie t\u0142umacza.<\/p>\t\t\t\t\t\t\t\t<\/div>\n\t\t\t\t<\/div>\n\t\t\t\t<div class=\"elementor-element elementor-element-660c9c8 elementor-widget elementor-widget-spacer\" data-id=\"660c9c8\" data-element_type=\"widget\" data-widget_type=\"spacer.default\">\n\t\t\t\t<div class=\"elementor-widget-container\">\n\t\t\t\t\t\t\t<div class=\"elementor-spacer\">\n\t\t\t<div class=\"elementor-spacer-inner\"><\/div>\n\t\t<\/div>\n\t\t\t\t\t\t<\/div>\n\t\t\t\t<\/div>\n\t\t\t\t<div class=\"elementor-element elementor-element-1414269 elementor-widget elementor-widget-heading\" data-id=\"1414269\" data-element_type=\"widget\" data-widget_type=\"heading.default\">\n\t\t\t\t<div class=\"elementor-widget-container\">\n\t\t\t\t\t<h3 class=\"elementor-heading-title elementor-size-default\">Wsparcie finansowe i formalno\u015bci<\/h3>\t\t\t\t<\/div>\n\t\t\t\t<\/div>\n\t\t\t\t<div class=\"elementor-element elementor-element-db6fbda elementor-widget elementor-widget-text-editor\" data-id=\"db6fbda\" data-element_type=\"widget\" data-widget_type=\"text-editor.default\">\n\t\t\t\t<div class=\"elementor-widget-container\">\n\t\t\t\t\t\t\t\t\t<p>Pomagamy w uzyskaniu lokalnego finansowania (je\u015bli to mo\u017cliwe), otwarciu konta bankowego, za\u0142atwieniu formalno\u015bci podatkowych i zwi\u0105zanych z zakupem nieruchomo\u015bci. Wyja\u015bniamy ka\u017cdy krok i czuwamy nad zgodno\u015bci\u0105 z lokalnym prawem.<\/p>\t\t\t\t\t\t\t\t<\/div>\n\t\t\t\t<\/div>\n\t\t\t\t<\/div>\n\t\t<div class=\"elementor-element elementor-element-fca432a e-con-full e-flex e-con e-child\" data-id=\"fca432a\" data-element_type=\"container\">\n\t\t\t\t<div class=\"elementor-element elementor-element-b690324 elementor-widget elementor-widget-heading\" data-id=\"b690324\" data-element_type=\"widget\" data-widget_type=\"heading.default\">\n\t\t\t\t<div class=\"elementor-widget-container\">\n\t\t\t\t\t<h3 class=\"elementor-heading-title elementor-size-default\">Weryfikacja oferty i bezpiecze\u0144stwo prawne<\/h3>\t\t\t\t<\/div>\n\t\t\t\t<\/div>\n\t\t\t\t<div class=\"elementor-element elementor-element-c83a7c9 elementor-widget elementor-widget-text-editor\" data-id=\"c83a7c9\" data-element_type=\"widget\" data-widget_type=\"text-editor.default\">\n\t\t\t\t<div class=\"elementor-widget-container\">\n\t\t\t\t\t\t\t\t\t<p>Ka\u017cda nieruchomo\u015b\u0107, kt\u00f3r\u0105 polecamy, przechodzi pe\u0142n\u0105 analiz\u0119 stanu prawnego \u2013 upewniamy si\u0119, \u017ce nie ma ukrytych wad formalnych, zad\u0142u\u017ce\u0144, czy ryzyk prawnych. Wsp\u00f3\u0142pracujemy z lokalnymi prawnikami, kt\u00f3rzy czuwaj\u0105 nad Twoim interesem od momentu rezerwacji do podpisania aktu w\u0142asno\u015bci.<\/p>\t\t\t\t\t\t\t\t<\/div>\n\t\t\t\t<\/div>\n\t\t\t\t<div class=\"elementor-element elementor-element-3d90e66 elementor-widget elementor-widget-spacer\" data-id=\"3d90e66\" data-element_type=\"widget\" data-widget_type=\"spacer.default\">\n\t\t\t\t<div class=\"elementor-widget-container\">\n\t\t\t\t\t\t\t<div class=\"elementor-spacer\">\n\t\t\t<div class=\"elementor-spacer-inner\"><\/div>\n\t\t<\/div>\n\t\t\t\t\t\t<\/div>\n\t\t\t\t<\/div>\n\t\t\t\t<div class=\"elementor-element elementor-element-257ce8d elementor-widget elementor-widget-heading\" data-id=\"257ce8d\" data-element_type=\"widget\" data-widget_type=\"heading.default\">\n\t\t\t\t<div class=\"elementor-widget-container\">\n\t\t\t\t\t<h3 class=\"elementor-heading-title elementor-size-default\">Negocjacje i reprezentacja<\/h3>\t\t\t\t<\/div>\n\t\t\t\t<\/div>\n\t\t\t\t<div class=\"elementor-element elementor-element-416d89f elementor-widget elementor-widget-text-editor\" data-id=\"416d89f\" data-element_type=\"widget\" data-widget_type=\"text-editor.default\">\n\t\t\t\t<div class=\"elementor-widget-container\">\n\t\t\t\t\t\t\t\t\t<p>W Twoim imieniu prowadzimy negocjacje cenowe i formalne, aby\u015b otrzyma\u0142 jak najlepsze warunki \u2013 zar\u00f3wno pod k\u0105tem ceny, jak i zapis\u00f3w umowy. Mo\u017cemy r\u00f3wnie\u017c reprezentowa\u0107 Ci\u0119 pe\u0142nomocnictwem na miejscu, je\u015bli nie mo\u017cesz by\u0107 obecny przy podpisaniu dokument\u00f3w.<\/p>\t\t\t\t\t\t\t\t<\/div>\n\t\t\t\t<\/div>\n\t\t\t\t<div class=\"elementor-element elementor-element-86c097b elementor-widget elementor-widget-spacer\" data-id=\"86c097b\" data-element_type=\"widget\" data-widget_type=\"spacer.default\">\n\t\t\t\t<div class=\"elementor-widget-container\">\n\t\t\t\t\t\t\t<div class=\"elementor-spacer\">\n\t\t\t<div class=\"elementor-spacer-inner\"><\/div>\n\t\t<\/div>\n\t\t\t\t\t\t<\/div>\n\t\t\t\t<\/div>\n\t\t\t\t<div class=\"elementor-element elementor-element-47ffc3b elementor-widget elementor-widget-heading\" data-id=\"47ffc3b\" data-element_type=\"widget\" data-widget_type=\"heading.default\">\n\t\t\t\t<div class=\"elementor-widget-container\">\n\t\t\t\t\t<h3 class=\"elementor-heading-title elementor-size-default\">Opieka po zakupie \u2013 zarz\u0105dzanie najmem i pomoc w organizacji \u017cycia<\/h3>\t\t\t\t<\/div>\n\t\t\t\t<\/div>\n\t\t\t\t<div class=\"elementor-element elementor-element-a804c72 elementor-widget elementor-widget-text-editor\" data-id=\"a804c72\" data-element_type=\"widget\" data-widget_type=\"text-editor.default\">\n\t\t\t\t<div class=\"elementor-widget-container\">\n\t\t\t\t\t\t\t\t\t<p><strong>Po zakupie nie zostajesz sam. Oferujemy opcj\u0119 zarz\u0105dzania najmem wakacyjnym (np. na Cyprze), a tak\u017ce wsparcie w urz\u0105dzeniu nieruchomo\u015bci, ubezpieczeniu, wynajmie kr\u00f3tkoterminowym i kontaktach z lokalnymi us\u0142ugodawcami.<\/strong><\/p>\t\t\t\t\t\t\t\t<\/div>\n\t\t\t\t<\/div>\n\t\t\t\t<div class=\"elementor-element elementor-element-4f9350b elementor-widget elementor-widget-spacer\" data-id=\"4f9350b\" data-element_type=\"widget\" data-widget_type=\"spacer.default\">\n\t\t\t\t<div class=\"elementor-widget-container\">\n\t\t\t\t\t\t\t<div class=\"elementor-spacer\">\n\t\t\t<div class=\"elementor-spacer-inner\"><\/div>\n\t\t<\/div>\n\t\t\t\t\t\t<\/div>\n\t\t\t\t<\/div>\n\t\t\t\t<\/div>\n\t\t\t\t<\/div>\n\t\t\t\t<\/div>\n\t\t\t\t\t<\/div>\n\t\t\t\t<\/div>\n\t\t<div class=\"elementor-element elementor-element-7d9d5fc e-flex e-con-boxed e-con e-child\" data-id=\"7d9d5fc\" data-element_type=\"container\">\n\t\t\t\t\t<div class=\"e-con-inner\">\n\t\t\t\t<div class=\"elementor-element elementor-element-b8a0f9d elementor-widget elementor-widget-text-editor\" data-id=\"b8a0f9d\" data-element_type=\"widget\" data-widget_type=\"text-editor.default\">\n\t\t\t\t<div class=\"elementor-widget-container\">\n\t\t\t\t\t\t\t\t\t<p class=\"p1\">Dzi\u0119ki naszej pomocy inwestycje zagraniczne przestaj\u0105 by\u0107 ryzykown\u0105 niewiadom\u0105, a staj\u0105 si\u0119 komfortowym i realnym krokiem w budowie maj\u0105tku. Otwieramy przed Tob\u0105 \u015bwiat mo\u017cliwo\u015bci \u2013 w pi\u0119knym klimacie, z solidnym zapleczem i zaufanym wsparciem. Tw\u00f3j drugi dom pod s\u0142o\u0144cem mo\u017ce by\u0107 bli\u017cej, ni\u017c my\u015blisz.<\/p>\t\t\t\t\t\t\t\t<\/div>\n\t\t\t\t<\/div>\n\t\t\t\t\t<\/div>\n\t\t\t\t<\/div>\n\t\t<div class=\"elementor-element elementor-element-1636bf1 e-flex e-con-boxed e-con e-parent\" data-id=\"1636bf1\" data-element_type=\"container\" data-settings=\"{&quot;background_background&quot;:&quot;gradient&quot;}\">\n\t\t\t\t\t<div class=\"e-con-inner\">\n\t\t<div class=\"elementor-element elementor-element-8023b26 e-con-full e-flex e-con e-child\" data-id=\"8023b26\" data-element_type=\"container\">\n\t\t\t\t<div class=\"elementor-element elementor-element-74cd2bea elementor-widget elementor-widget-heading\" data-id=\"74cd2bea\" data-element_type=\"widget\" data-widget_type=\"heading.default\">\n\t\t\t\t<div class=\"elementor-widget-container\">\n\t\t\t\t\t<h2 class=\"elementor-heading-title elementor-size-default\">Inwestuj z klas\u0105 \u2013 z Presti\u017c Nieruchomo\u015bci<\/h2>\t\t\t\t<\/div>\n\t\t\t\t<\/div>\n\t\t\t\t<div class=\"elementor-element elementor-element-a4a82f8 elementor-widget elementor-widget-text-editor\" data-id=\"a4a82f8\" data-element_type=\"widget\" data-widget_type=\"text-editor.default\">\n\t\t\t\t<div class=\"elementor-widget-container\">\n\t\t\t\t\t\t\t\t\t<p>Dzi\u0119ki naszej pomocy inwestycje zagraniczne przestaj\u0105 by\u0107 ryzykown\u0105 niewiadom\u0105, a staj\u0105 si\u0119 komfortowym i realnym krokiem w budowie maj\u0105tku. Otwieramy przed Tob\u0105 \u015bwiat mo\u017cliwo\u015bci \u2013 w pi\u0119knym klimacie, z solidnym zapleczem i zaufanym wsparciem.<\/p><p>Skontaktuj si\u0119 z nami i porozmawiajmy o Twoich planach.<\/p><p><strong><i>Tw\u00f3j drugi dom pod s\u0142o\u0144cem mo\u017ce by\u0107 bli\u017cej, ni\u017c my\u015blisz.<\/i>\u00a0<\/strong><\/p>\t\t\t\t\t\t\t\t<\/div>\n\t\t\t\t<\/div>\n\t\t\t\t<div class=\"elementor-element elementor-element-237f533e elementor-align-center elementor-widget elementor-widget-button\" data-id=\"237f533e\" data-element_type=\"widget\" data-widget_type=\"button.default\">\n\t\t\t\t<div class=\"elementor-widget-container\">\n\t\t\t\t\t\t\t\t\t<div class=\"elementor-button-wrapper\">\n\t\t\t\t\t<a class=\"elementor-button elementor-button-link elementor-size-sm elementor-animation-shrink\" href=\"https:\/\/prestiz.uwb.pl\/index.php\/kontakt\/\">\n\t\t\t\t\t\t<span class=\"elementor-button-content-wrapper\">\n\t\t\t\t\t\t\t\t\t<span class=\"elementor-button-text\">KONTAKT<\/span>\n\t\t\t\t\t<\/span>\n\t\t\t\t\t<\/a>\n\t\t\t\t<\/div>\n\t\t\t\t\t\t\t\t<\/div>\n\t\t\t\t<\/div>\n\t\t\t\t<\/div>\n\t\t\t\t\t<\/div>\n\t\t\t\t<\/div>\n\t\t\t\t<\/div>\n\t\t","protected":false},"excerpt":{"rendered":"<p>Inwestycje zagraniczne Nowe perspektywy dla Twoich inwestycji Z my\u015bl\u0105 o klientach szukaj\u0105cych zagranicznych mo\u017cliwo\u015bci inwestycyjnych, rozwijamy nasz\u0105 ofert\u0119 o rynek cypryjski. Cypr to jeden z najatrakcyjniejszych kierunk\u00f3w inwestowania w nieruchomo\u015bci w Europie \u2013 kusi ponad 300 s\u0142onecznych dni w roku, malowniczym otoczeniem oraz stabilnymi warunkami dla zagranicznych inwestor\u00f3w. W ramach us\u0142ugi inwestycji zagranicznych zajmujemy si\u0119: [&hellip;]<\/p>\n","protected":false},"author":1,"featured_media":0,"parent":0,"menu_order":0,"comment_status":"closed","ping_status":"closed","template":"elementor_header_footer","meta":{"footnotes":""},"class_list":["post-493","page","type-page","status-publish","hentry"],"_links":{"self":[{"href":"https:\/\/prestiz.uwb.pl\/index.php\/wp-json\/wp\/v2\/pages\/493","targetHints":{"allow":["GET"]}}],"collection":[{"href":"https:\/\/prestiz.uwb.pl\/index.php\/wp-json\/wp\/v2\/pages"}],"about":[{"href":"https:\/\/prestiz.uwb.pl\/index.php\/wp-json\/wp\/v2\/types\/page"}],"author":[{"embeddable":true,"href":"https:\/\/prestiz.uwb.pl\/index.php\/wp-json\/wp\/v2\/users\/1"}],"replies":[{"embeddable":true,"href":"https:\/\/prestiz.uwb.pl\/index.php\/wp-json\/wp\/v2\/comments?post=493"}],"version-history":[{"count":70,"href":"https:\/\/prestiz.uwb.pl\/index.php\/wp-json\/wp\/v2\/pages\/493\/revisions"}],"predecessor-version":[{"id":1109,"href":"https:\/\/prestiz.uwb.pl\/index.php\/wp-json\/wp\/v2\/pages\/493\/revisions\/1109"}],"wp:attachment":[{"href":"https:\/\/prestiz.uwb.pl\/index.php\/wp-json\/wp\/v2\/media?parent=493"}],"curies":[{"name":"wp","href":"https:\/\/api.w.org\/{rel}","templated":true}]}}